{"id":129,"date":"2019-03-20T04:12:33","date_gmt":"2019-03-20T04:12:33","guid":{"rendered":"https:\/\/goya.everthemes.com\/demo-fashion\/?page_id=129"},"modified":"2025-06-19T23:23:21","modified_gmt":"2025-06-19T23:23:21","slug":"sobre-mi","status":"publish","type":"page","link":"https:\/\/astrolofit.com\/site\/sobre-mi\/","title":{"rendered":"Sobre m\u00ed"},"content":{"rendered":"<div class=\"wpb-content-wrapper\">[vc_row et_full_width=\u00bbtrue\u00bb et_row_padding=\u00bbtrue\u00bb full_height=\u00bbyes\u00bb columns_placement=\u00bbstretch\u00bb equal_height=\u00bbyes\u00bb content_placement=\u00bbmiddle\u00bb css=\u00bb.vc_custom_1750366277108{padding-top: 80px !important;padding-bottom: 80px !important;background-image: url(https:\/\/astrolofit.com\/site\/wp-content\/uploads\/2025\/06\/banner1-aboutme-1.jpg?id=4149) !important;background-position: center !important;background-repeat: no-repeat !important;background-size: cover !important;}\u00bb el_class=\u00bbvideo-bg-row\u00bb][vc_column][vc_row_inner et_max_width=\u00bb\u00bb equal_height=\u00bbyes\u00bb content_placement=\u00bbmiddle\u00bb css=\u00bb.vc_custom_1562734895463{background-position: center !important;background-repeat: no-repeat !important;background-size: cover !important;}\u00bb][vc_column_inner width=\u00bb1\/2&#8243; css=\u00bb.vc_custom_1562725835995{padding-top: 20% !important;padding-right: 20% !important;padding-bottom: 20% !important;padding-left: 20% !important;}\u00bb][vc_column_text css=\u00bb.vc_custom_1750366340743{margin-top: 30px !important;}\u00bb animation=\u00bbanimation bottom-to-top\u00bb]\n<h2 style=\"text-align: center;\"><span style=\"color: #4c4541;\">\u00bfSientes que hay algo m\u00e1s en tu vida, pero no sabes por d\u00f3nde empezar?<\/span><\/h2>\n[\/vc_column_text][\/vc_column_inner][\/vc_row_inner][\/vc_column][\/vc_row][vc_row et_full_width=\u00bbtrue\u00bb et_row_padding=\u00bbtrue\u00bb css=\u00bb.vc_custom_1588128835660{padding-top: 60px !important;padding-bottom: 60px !important;}\u00bb][vc_column][vc_row_inner content_placement=\u00bbmiddle\u00bb el_class=\u00bbalign-center\u00bb][vc_column_inner animation=\u00bbanimation left-to-right\u00bb offset=\u00bbvc_col-md-7&#8243;]\t<div class=\"et-image-253 et-image     et_image_link\">\n\t\t<div class=\"et-image-inner animation right-to-left\">\n\t\t\t\t\t\t\t<div class=\"et-image-thumb \">\n\t\t\t\t\t<img loading=\"lazy\" decoding=\"async\" width=\"746\" height=\"744\" src=\"https:\/\/astrolofit.com\/site\/wp-content\/uploads\/2025\/06\/Captura-de-pantalla-2025-06-02-a-las-7.31.50\u202fp.-m.png\" class=\"attachment-large\" alt=\"\" title=\"Captura de pantalla 2025-06-02 a la(s) 7.31.50\u202fp.\u00a0m.\" srcset=\"https:\/\/astrolofit.com\/site\/wp-content\/uploads\/2025\/06\/Captura-de-pantalla-2025-06-02-a-las-7.31.50\u202fp.-m.png 746w, https:\/\/astrolofit.com\/site\/wp-content\/uploads\/2025\/06\/Captura-de-pantalla-2025-06-02-a-las-7.31.50\u202fp.-m-300x300.png 300w, https:\/\/astrolofit.com\/site\/wp-content\/uploads\/2025\/06\/Captura-de-pantalla-2025-06-02-a-las-7.31.50\u202fp.-m-150x150.png 150w\" sizes=\"auto, (max-width: 746px) 100vw, 746px\" \/>\t\t\t\t<\/div>\n\t\t\t\t\t\t\t\t\t\t\t<\/div>\n\t<\/div>\n  [\/vc_column_inner][vc_column_inner animation=\u00bbanimation right-to-left\u00bb offset=\u00bbvc_col-md-5&#8243; css=\u00bb.vc_custom_1578532669392{padding-top: 40px !important;}\u00bb][vc_column_text css=\u00bb\u00bb]\n<h2>Mi nombre es Rina Andrade<\/h2>\n<p>Soy astr\u00f3loga profesional, Health coach en nutrici\u00f3n hol\u00edstica, maestra de meditaci\u00f3n e instructora avanzada de breathwork.<\/p>\n<p>Mi objetivo es ayudarte a descubrir tu potencial a trav\u00e9s de la carta astral y a explorar c\u00f3mo esas energ\u00edas influyen en tu vida para superar los desaf\u00edos, mientras conectas con tu luz divina interior y encuentras el balance entre la vida terrenal y espiritual. Gracias a mi formaci\u00f3n en meditaci\u00f3n, Health Coaching en Nutrici\u00f3n Integral en el INN y Breathwork puedo complementar este enfoque y brindarte herramientas para alcanzar el bienestar f\u00edsico, mental y espiritual que mereces.[\/vc_column_text][\/vc_column_inner][\/vc_row_inner][\/vc_column][\/vc_row][vc_row et_full_width=\u00bbtrue\u00bb et_row_padding=\u00bbtrue\u00bb css=\u00bb.vc_custom_1588129008197{padding-top: 80px !important;padding-bottom: 45px !important;background-color: #f2f2f2 !important;}\u00bb][vc_column][vc_row_inner et_column_align=\u00bbalign-center\u00bb equal_height=\u00bbyes\u00bb el_class=\u00bbalign-center\u00bb][vc_column_inner animation=\u00bbanimation bottom-to-top\u00bb offset=\u00bbvc_col-lg-5&#8243;][vc_column_text css=\u00bb\u00bb]\n<h2 style=\"text-align: center;\">\u00bfC\u00f3mo he ayudado a otros?<\/h2>\n[\/vc_column_text]\t<div id=\"et-testimonials-84\" class=\"slick-dots-centered et-testimonials-slider slick\" data-pagination=\"true\" data-navigation=\"true\" data-infinite=\"true\"  data-columns=\"1\" data-mobile-columns=\"1\"   data-autoplay=\"true\" data-autoplay-speed=\"0\" data-pause=\"\" >\n\t\t\t<div class=\"et-testimonial \">\n\t\t\t\t<blockquote><p>``La lectura de mi carta astral con Rina Andrade fue reveladora. Me ayud\u00f3 a entender patrones en mi vida y a tomar decisiones con mayor claridad. \u00a1La recomiendo ampliamente!``<\/p>\n<\/blockquote>\n\t\t\t\t\t<div class=\"et-testimonial-image\"><\/div>\n\t\t\t<div class=\"et-testimonial-author\">\n\t\t\t\t<cite>- Ana G.<\/cite>\t\t\t<\/div>\n\t\t\t<\/div>\n\n\t\t<div class=\"et-testimonial \">\n\t\t\t\t<blockquote><p>``Estaba pasando por un momento dif\u00edcil y la consulta con Astrofit me dio la gu\u00eda que necesitaba. Su enfoque es compasivo y preciso. \u00a1Gracias!``<\/p>\n<\/blockquote>\n\t\t\t\t\t<div class=\"et-testimonial-image\"><\/div>\n\t\t\t<div class=\"et-testimonial-author\">\n\t\t\t\t<cite>- Carlos M.<\/cite>\t\t\t<\/div>\n\t\t\t<\/div>\n\n\t\t<div class=\"et-testimonial \">\n\t\t\t\t<blockquote><p>``Siempre he sido esc\u00e9ptico de la astrolog\u00eda, pero Rina me sorprendi\u00f3. Su conocimiento y su forma de explicar las cosas son impresionantes. \u00a1Definitivamente volver\u00e9!``<\/p>\n<\/blockquote>\n\t\t\t\t\t<div class=\"et-testimonial-image\"><\/div>\n\t\t\t<div class=\"et-testimonial-author\">\n\t\t\t\t<cite>- Laura P.<\/cite>\t\t\t<\/div>\n\t\t\t<\/div>\n\n\t\t<\/div>\n\t[\/vc_column_inner][\/vc_row_inner][\/vc_column][\/vc_row][vc_row et_full_width=\u00bbtrue\u00bb et_row_padding=\u00bbtrue\u00bb css=\u00bb.vc_custom_1588128887000{padding-top: 60px !important;padding-bottom: 60px !important;}\u00bb][vc_column][vc_row_inner content_placement=\u00bbmiddle\u00bb el_class=\u00bbalign-center\u00bb][vc_column_inner el_class=\u00bbsmall-order-2 medium-order-1&#8243; animation=\u00bbanimation left-to-right\u00bb offset=\u00bbvc_col-md-5&#8243; css=\u00bb.vc_custom_1750375207476{padding-top: 40px !important;}\u00bb][vc_column_text css=\u00bb\u00bb]\n<h2 style=\"text-align: center;\">\u00bfListo tambi\u00e9n para ver el cambio en tu vida?<!-- notionvc: edef76c8-3d01-478a-b62d-d4ce809eff29 --><\/h2>\n[\/vc_column_text][vc_btn title=\u00bb\u00a1Reserva hoy mismo! \u00bb size=\u00bblg\u00bb align=\u00bbcenter\u00bb i_icon_fontawesome=\u00bbfab fa-whatsapp\u00bb css_animation=\u00bbfadeInUp\u00bb css=\u00bb\u00bb add_icon=\u00bbtrue\u00bb link=\u00bburl:http%3A%2F%2Fwa.me%2F%2B19417309132&#8243;][\/vc_column_inner][\/vc_row_inner][\/vc_column][\/vc_row]\n<\/div>","protected":false},"excerpt":{"rendered":"<p>[vc_row et_full_width=\u00bbtrue\u00bb et_row_padding=\u00bbtrue\u00bb full_height=\u00bbyes\u00bb columns_placement=\u00bbstretch\u00bb equal_height=\u00bbyes\u00bb content_placement=\u00bbmiddle\u00bb css=\u00bb.vc_custom_1750366277108{padding-top: 80px !important;padding-bottom: 80px !important;background-image: url(https:\/\/astrolofit.com\/site\/wp-content\/uploads\/2025\/06\/banner1-aboutme-1.jpg?id=4149) !important;background-position: center !important;background-repeat: no-repeat !important;background-size: cover !important;}\u00bb el_class=\u00bbvideo-bg-row\u00bb][vc_column][vc_row_inner et_max_width=\u00bb\u00bb equal_height=\u00bbyes\u00bb content_placement=\u00bbmiddle\u00bb css=\u00bb.vc_custom_1562734895463{background-position: center !important;background-repeat: no-repeat !important;background-size: cover !important;}\u00bb][vc_column_inner width=\u00bb1\/2&#8243; css=\u00bb.vc_custom_1562725835995{padding-top: 20% !important;padding-right: 20% !important;padding-bottom: 20% !important;padding-left: 20% !important;}\u00bb][vc_column_text css=\u00bb.vc_custom_1750366340743{margin-top: 30px !important;}\u00bb animation=\u00bbanimation bottom-to-top\u00bb] \u00bfSientes que hay algo [&hellip;]<\/p>\n","protected":false},"author":1,"featured_media":0,"parent":0,"menu_order":0,"comment_status":"closed","ping_status":"closed","template":"","meta":{"footnotes":""},"class_list":["post-129","page","type-page","status-publish","hentry"],"_links":{"self":[{"href":"https:\/\/astrolofit.com\/site\/wp-json\/wp\/v2\/pages\/129","targetHints":{"allow":["GET"]}}],"collection":[{"href":"https:\/\/astrolofit.com\/site\/wp-json\/wp\/v2\/pages"}],"about":[{"href":"https:\/\/astrolofit.com\/site\/wp-json\/wp\/v2\/types\/page"}],"author":[{"embeddable":true,"href":"https:\/\/astrolofit.com\/site\/wp-json\/wp\/v2\/users\/1"}],"replies":[{"embeddable":true,"href":"https:\/\/astrolofit.com\/site\/wp-json\/wp\/v2\/comments?post=129"}],"version-history":[{"count":7,"href":"https:\/\/astrolofit.com\/site\/wp-json\/wp\/v2\/pages\/129\/revisions"}],"predecessor-version":[{"id":4155,"href":"https:\/\/astrolofit.com\/site\/wp-json\/wp\/v2\/pages\/129\/revisions\/4155"}],"wp:attachment":[{"href":"https:\/\/astrolofit.com\/site\/wp-json\/wp\/v2\/media?parent=129"}],"curies":[{"name":"wp","href":"https:\/\/api.w.org\/{rel}","templated":true}]}}