{"id":37,"date":"2019-03-17T05:50:23","date_gmt":"2019-03-17T05:50:23","guid":{"rendered":"https:\/\/goya.everthemes.com\/demo-fashion\/?page_id=37"},"modified":"2025-06-23T02:23:07","modified_gmt":"2025-06-23T02:23:07","slug":"conectando-con-el-universo","status":"publish","type":"page","link":"https:\/\/astrolofit.com\/site\/conectando-con-el-universo\/","title":{"rendered":"Blog"},"content":{"rendered":"<div class=\"wpb-content-wrapper\">[vc_row][vc_column animation=\u00bbanimation bottom-to-top\u00bb css=\u00bb.vc_custom_1750645157674{padding-top: 80px !important;padding-bottom: 80px !important;}\u00bb][vc_column_text css=\u00bb\u00bb]\r\n<h2 style=\"text-align: center;\"><strong>Conectando con el universo<\/strong><\/h2>\r\n<p class=\"has-text-align-center\" style=\"text-align: center;\">Este es un espacio para compartir el conocimiento y la sabidur\u00eda que he adquirido en mi camino por la <strong>astrolog\u00eda y la espiritualidad<\/strong>. Aqu\u00ed encontrar\u00e1s art\u00edculos, reflexiones y herramientas que te ayudar\u00e1n a comprender el lenguaje de las estrellas y a encontrar tu propio camino hacia el <strong>bienestar y la plenitud<\/strong>.<\/p>\r\n[\/vc_column_text][\/vc_column][\/vc_row][vc_row][vc_column css=\u00bb.vc_custom_1750645370312{padding-bottom: 80px !important;}\u00bb]\r\n\t\t\t\t<div class=\"row posts-shortcode align-stretch\">\r\n\t\t\t\t\t\t\t\t\t\n<div class=\"col-md-6 col-lg-4 post post-grid blog-post post-446 type-post status-publish format-standard has-post-thumbnail hentry category-uncategorized\">\n\t<div class=\"animation bottom-to-top\">\n\t\t\t\t<figure class=\"post-gallery\">\n\t\t\t<a href=\"https:\/\/astrolofit.com\/site\/90s-sustainable-photo-booth\/\" rel=\"bookmark\" title=\"90&#8217;s sustainable photo booth\">\n\t\t\t\t\t\t\t\t<img loading=\"lazy\" decoding=\"async\" width=\"768\" height=\"512\" src=\"https:\/\/astrolofit.com\/site\/wp-content\/uploads\/2019\/04\/star-768x512.jpg\" class=\"attachment-medium_large size-medium_large wp-post-image\" alt=\"Brooklyn godard cold-pressed organic tacos\" srcset=\"https:\/\/astrolofit.com\/site\/wp-content\/uploads\/2019\/04\/star-768x512.jpg 768w, https:\/\/astrolofit.com\/site\/wp-content\/uploads\/2019\/04\/star-450x300.jpg 450w, https:\/\/astrolofit.com\/site\/wp-content\/uploads\/2019\/04\/star-900x600.jpg 900w, https:\/\/astrolofit.com\/site\/wp-content\/uploads\/2019\/04\/star-300x200.jpg 300w, https:\/\/astrolofit.com\/site\/wp-content\/uploads\/2019\/04\/star-1024x682.jpg 1024w, https:\/\/astrolofit.com\/site\/wp-content\/uploads\/2019\/04\/star-150x100.jpg 150w, https:\/\/astrolofit.com\/site\/wp-content\/uploads\/2019\/04\/star.jpg 1280w\" sizes=\"auto, (max-width: 768px) 100vw, 768px\" \/>\t\t\t<\/a>\n\t\t<\/figure>\n\t\t\t\t<ul class=\"post-categories\">\n\t<li><a href=\"https:\/\/astrolofit.com\/site\/category\/uncategorized\/\" rel=\"category tag\">Uncategorized<\/a><\/li><\/ul>\t\t<header class=\"post-title entry-header\">\n\t\t\t<h3 class=\"entry-title\" itemprop=\"name headline\"><a class=\"entry-link\" href=\"https:\/\/astrolofit.com\/site\/90s-sustainable-photo-booth\/\" title=\"90&#8217;s sustainable photo booth\">90&#8217;s sustainable photo booth<\/a><\/h3>\t\t<\/header>\n\t\t\t<aside class=\"post-meta\">\n\t\t\t\t \n\t\t\t<a href=\"https:\/\/astrolofit.com\/site\/90s-sustainable-photo-booth\/\" class=\"date-link\"><time class=\"time\" datetime=\"2019-03-30T18:45:48+00:00\">marzo 30, 2019<\/time><\/a>\n\t\t\t<\/aside>\n\t\t<div class=\"post-content\">\n\t\t\t<p>Post with some featured products ready to buy<\/p>\n\t\t<\/div>\n\t<\/div>\n<\/div>\t\t\t\t\t<\/div>\r\n\t\t[\/vc_column][\/vc_row]<\/div>","protected":false},"excerpt":{"rendered":"<p>[vc_row][vc_column animation=\u00bbanimation bottom-to-top\u00bb css=\u00bb.vc_custom_1750645157674{padding-top: 80px !important;padding-bottom: 80px !important;}\u00bb][vc_column_text css=\u00bb\u00bb] Conectando con el universo Este es un espacio para compartir el conocimiento y la sabidur\u00eda que he adquirido en [&hellip;]<\/p>\n","protected":false},"author":1,"featured_media":0,"parent":0,"menu_order":0,"comment_status":"closed","ping_status":"closed","template":"","meta":{"footnotes":""},"class_list":["post-37","page","type-page","status-publish","hentry"],"_links":{"self":[{"href":"https:\/\/astrolofit.com\/site\/wp-json\/wp\/v2\/pages\/37","targetHints":{"allow":["GET"]}}],"collection":[{"href":"https:\/\/astrolofit.com\/site\/wp-json\/wp\/v2\/pages"}],"about":[{"href":"https:\/\/astrolofit.com\/site\/wp-json\/wp\/v2\/types\/page"}],"author":[{"embeddable":true,"href":"https:\/\/astrolofit.com\/site\/wp-json\/wp\/v2\/users\/1"}],"replies":[{"embeddable":true,"href":"https:\/\/astrolofit.com\/site\/wp-json\/wp\/v2\/comments?post=37"}],"version-history":[{"count":7,"href":"https:\/\/astrolofit.com\/site\/wp-json\/wp\/v2\/pages\/37\/revisions"}],"predecessor-version":[{"id":4244,"href":"https:\/\/astrolofit.com\/site\/wp-json\/wp\/v2\/pages\/37\/revisions\/4244"}],"wp:attachment":[{"href":"https:\/\/astrolofit.com\/site\/wp-json\/wp\/v2\/media?parent=37"}],"curies":[{"name":"wp","href":"https:\/\/api.w.org\/{rel}","templated":true}]}}