{"id":4156,"date":"2025-06-19T23:52:05","date_gmt":"2025-06-19T23:52:05","guid":{"rendered":"https:\/\/astrolofit.com\/site\/?page_id=4156"},"modified":"2025-06-20T00:51:03","modified_gmt":"2025-06-20T00:51:03","slug":"signos","status":"publish","type":"page","link":"https:\/\/astrolofit.com\/site\/signos\/","title":{"rendered":"Signos"},"content":{"rendered":"<div class=\"wpb-content-wrapper\">[vc_row et_full_width=\u00bbtrue\u00bb et_row_padding=\u00bbtrue\u00bb full_height=\u00bbyes\u00bb columns_placement=\u00bbstretch\u00bb equal_height=\u00bbyes\u00bb content_placement=\u00bbmiddle\u00bb css=\u00bb.vc_custom_1750380661258{padding-top: 80px !important;padding-bottom: 80px !important;background-image: url(https:\/\/astrolofit.com\/site\/wp-content\/uploads\/2025\/06\/banner1-signos-1.jpg?id=4183) !important;background-position: center !important;background-repeat: no-repeat !important;background-size: cover !important;}\u00bb el_class=\u00bbvideo-bg-row\u00bb][vc_column][vc_row_inner et_max_width=\u00bb\u00bb equal_height=\u00bbyes\u00bb content_placement=\u00bbmiddle\u00bb css=\u00bb.vc_custom_1562734895463{background-position: center !important;background-repeat: no-repeat !important;background-size: cover !important;}\u00bb][vc_column_inner width=\u00bb1\/2&#8243; css=\u00bb.vc_custom_1562725835995{padding-top: 20% !important;padding-right: 20% !important;padding-bottom: 20% !important;padding-left: 20% !important;}\u00bb][vc_column_text css=\u00bb.vc_custom_1750380293125{margin-top: 30px !important;}\u00bb animation=\u00bbanimation bottom-to-top\u00bb]\n<h1 style=\"text-align: left; line-height: 0.8;\"><span style=\"color: #cfc7be;\">Signos<\/span><\/h1>\n<h2 style=\"text-align: left; line-height: 0.8;\"><span style=\"color: #cfc7be;\">del zod\u00edaco<\/span><\/h2>\n[\/vc_column_text][\/vc_column_inner][\/vc_row_inner][\/vc_column][\/vc_row][vc_section][vc_row css=\u00bb.vc_custom_1750377875757{padding-top: 80px !important;padding-bottom: 80px !important;}\u00bb][vc_column offset=\u00bbvc_col-lg-6&#8243;][vc_tta_accordion active_section=\u00bb1&#8243; style=\u00bbstyle2&#8243;][vc_tta_section title=\u00bbAries (21 de marzo &#8211; 19 de abril)\u00bb tab_id=\u00bb1522322738673-aea3abb5-b800fe1b-0bf9&#8243;][vc_column_text css=\u00bb\u00bb]Aries, el <strong>primer signo del zod\u00edaco<\/strong>, es sin\u00f3nimo de energ\u00eda y esp\u00edritu pionero. Regido por Marte, irradia audacia, independencia y un entusiasmo contagioso. Los arianos son l\u00edderes naturales, impulsados por la acci\u00f3n y la aventura. Su naturaleza impulsiva y competitiva los lleva a buscar constantemente nuevos desaf\u00edos.<\/p>\n<p><!-- notionvc: 125e9998-2641-474e-a1af-ad15eef5f0ff -->[\/vc_column_text][\/vc_tta_section][vc_tta_section title=\u00bbTauro (20 de abril &#8211; 20 de mayo)\u00bb tab_id=\u00bb1522322738697-88e8c59b-62ccfe1b-0bf9&#8243;][vc_column_text css=\u00bb\u00bb]Tauro, un <span class=\"notion-enable-hover\" data-token-index=\"1\">signo de tierra<\/span>, valora la estabilidad, la sensualidad y los placeres de la vida. Regido por Venus, posee un amor innato por la belleza, el arte y la comodidad. Los taurinos son conocidos por su paciencia, determinaci\u00f3n y lealtad, aunque tambi\u00e9n pueden ser tercos y posesivos.<!-- notionvc: 59c30fce-8ed0-44c8-a6f8-41f242d9d734 -->[\/vc_column_text][\/vc_tta_section][vc_tta_section title=\u00bbG\u00e9minis (21 de mayo &#8211; 20 de junio)\u00bb tab_id=\u00bb1522322884722-77aa01b6-d3ecfe1b-0bf9&#8243;][vc_column_text css=\u00bb\u00bb]G\u00e9minis, un <span class=\"notion-enable-hover\" data-token-index=\"1\">signo de aire<\/span>, se caracteriza por su versatilidad, intelecto y curiosidad insaciable. Regido por Mercurio, posee una mente \u00e1gil y una habilidad innata para la comunicaci\u00f3n. Los geminianos son sociables, adaptables y amantes de la variedad, aunque pueden ser indecisos y dispersos.<!-- notionvc: e8208e07-062f-4648-9db6-a786ac026d93 -->[\/vc_column_text][\/vc_tta_section][vc_tta_section title=\u00bbC\u00e1ncer (21 de junio &#8211; 22 de julio)\u00bb tab_id=\u00bb1750376451573-848f327b-2f2c\u00bb][vc_column_text css=\u00bb\u00bb]C\u00e1ncer, un <span class=\"notion-enable-hover\" data-token-index=\"1\">signo de agua<\/span>, irradia sensibilidad, intuici\u00f3n y un fuerte sentido de protecci\u00f3n. Regido por la Luna, posee un profundo apego a la familia y al hogar. Los cancerianos son conocidos por su empat\u00eda, lealtad y naturaleza cuidadora, aunque pueden ser susceptibles y temperamentales.<!-- notionvc: 5eba0ecb-50f1-43e0-abb7-f8ac06d462e3 -->[\/vc_column_text][\/vc_tta_section][vc_tta_section title=\u00bbLeo (23 de julio &#8211; 22 de agosto)\u00bb tab_id=\u00bb1750376538541-42753af6-bbad\u00bb][vc_column_text css=\u00bb\u00bb]Leo, un <span class=\"notion-enable-hover\" data-token-index=\"1\">signo de fuego<\/span>, se caracteriza por su carisma, generosidad y esp\u00edritu de liderazgo. Regido por el Sol, irradia confianza, creatividad y un deseo de ser el centro de atenci\u00f3n. Los leoninos son apasionados, leales y orgullosos, aunque pueden ser egoc\u00e9ntricos y dominantes.<!-- notionvc: f1da6458-8b36-4909-b3b8-61a8b4d39c52 -->[\/vc_column_text][\/vc_tta_section][vc_tta_section title=\u00bbVirgo (23 de agosto &#8211; 22 de septiembre)\u00bb tab_id=\u00bb1750376540417-d638fc48-257e\u00bb][vc_column_text css=\u00bb\u00bb]Virgo, un signo de tierra, valora la precisi\u00f3n, la l\u00f3gica y la atenci\u00f3n al detalle. Regido por Mercurio, posee una mente anal\u00edtica y un deseo de servir. Los virginianos son conocidos por su humildad, diligencia y perfeccionismo, aunque pueden ser cr\u00edticos y ansiosos.<!-- notionvc: 79a9255a-4bd2-47c1-b5fa-372164da99dd -->[\/vc_column_text][\/vc_tta_section][vc_tta_section title=\u00bbLibra (23 de septiembre &#8211; 22 de octubre)\u00bb tab_id=\u00bb1750377027478-7b8e42a8-143c\u00bb][vc_column_text css=\u00bb\u00bb]Libra, un signo de aire, se caracteriza por su encanto, diplomacia y amor por la armon\u00eda. Regido por Venus, posee un sentido innato de la justicia y la belleza. Los librianos son sociables, cooperativos y amantes de la paz, aunque pueden ser indecisos y complacientes.<!-- notionvc: f74ad483-8b37-43ea-8bc9-5efd53f25ee8 -->[\/vc_column_text][\/vc_tta_section][vc_tta_section title=\u00bbEscorpio (23 de octubre &#8211; 21 de noviembre)\u00bb tab_id=\u00bb1750377030865-0c96f544-c334&#8243;][vc_column_text css=\u00bb\u00bb]Escorpio, un signo de agua, irradia intensidad, pasi\u00f3n y un profundo sentido de misterio. Regido por Plut\u00f3n, posee una naturaleza transformadora y una habilidad para la introspecci\u00f3n. Los escorpianos son leales, apasionados y perspicaces, aunque pueden ser celosos y vengativos.<!-- notionvc: 229c4202-8f04-443f-b58d-7652c060329e -->[\/vc_column_text][\/vc_tta_section][vc_tta_section title=\u00bbSagitario (22 de noviembre &#8211; 21 de diciembre)\u00bb tab_id=\u00bb1750377032263-1f2fe4f7-d541&#8243;][vc_column_text css=\u00bb\u00bb]Sagitario, un signo de fuego, se caracteriza por su esp\u00edritu aventurero, optimismo y amor por la libertad. Regido por J\u00fapiter, posee una mente filos\u00f3fica y un deseo de explorar el mundo. Los sagitarianos son honestos, generosos y entusiastas, aunque pueden ser impulsivos e imprudentes.<\/p>\n<p><!-- notionvc: 110ea3f2-db05-49ec-b7f3-911f31fd35ff -->[\/vc_column_text][\/vc_tta_section][vc_tta_section title=\u00bbCapricornio (22 de diciembre &#8211; 19 de enero)\u00bb tab_id=\u00bb1750377723711-822e24a4-25c7&#8243;][vc_column_text css=\u00bb\u00bb]Capricornio, un signo de tierra, valora la disciplina, la responsabilidad y el logro de metas. Regido por Saturno, posee una naturaleza ambiciosa y un fuerte sentido del deber. Los capricornianos son trabajadores, pacientes y perseverantes, aunque pueden ser reservados y pesimistas.<!-- notionvc: 2fc45157-6442-4f16-a679-d467020ccd83 -->[\/vc_column_text][\/vc_tta_section][vc_tta_section title=\u00bbAcuario (20 de enero &#8211; 18 de febrero)\u00bb tab_id=\u00bb1750377746599-771d9e75-1af8&#8243;][vc_column_text css=\u00bb\u00bb]Acuario, un signo de aire, se caracteriza por su originalidad, independencia y esp\u00edritu humanitario. Regido por Urano, posee una mente innovadora y un deseo de cambiar el mundo. Los acuarianos son progresistas, tolerantes y altruistas, aunque pueden ser exc\u00e9ntricos y distantes.<!-- notionvc: 73601170-090b-4bf8-87da-39b1c5f99524 -->[\/vc_column_text][\/vc_tta_section][vc_tta_section title=\u00bbPiscis (19 de febrero &#8211; 20 de marzo)\u00bb tab_id=\u00bb1750377783733-099eebff-7cde\u00bb][vc_column_text css=\u00bb\u00bb]Piscis, un signo de agua, irradia sensibilidad, compasi\u00f3n y una profunda conexi\u00f3n con el mundo espiritual. Regido por Neptuno, posee una imaginaci\u00f3n v\u00edvida y una naturaleza so\u00f1adora. Los piscianos son emp\u00e1ticos, intuitivos y creativos, aunque pueden ser indecisos y escapistas.<!-- notionvc: feb8cebc-4e4b-41eb-92d8-5004b3422f81 -->[\/vc_column_text][\/vc_tta_section][\/vc_tta_accordion][\/vc_column][\/vc_row][vc_row et_column_align=\u00bbalign-center\u00bb][vc_column][vc_row_inner et_column_align=\u00bbalign-center\u00bb equal_height=\u00bbyes\u00bb el_class=\u00bbalign-center\u00bb css=\u00bb.vc_custom_1750378073750{padding-bottom: 80px !important;}\u00bb][vc_column_inner animation=\u00bbanimation bottom-to-top\u00bb][vc_column_text css=\u00bb.vc_custom_1750378043063{padding-top: 35px !important;}\u00bb]\n<h5 class=\"fancy-title\" style=\"text-align: center;\"><span style=\"color: #4c4541;\">\u00bfQuieres saber m\u00e1s detalles?<\/span><\/h5>\n<h2 style=\"text-align: center;\"><a href=\"http:\/\/wa.me\/+19417309132\"><span style=\"color: #4c4541;\">Te ayudo a calcular tu Carta Natal<\/span><\/a><\/h2>\n[\/vc_column_text][\/vc_column_inner][\/vc_row_inner][\/vc_column][\/vc_row][\/vc_section]\n<\/div>","protected":false},"excerpt":{"rendered":"<p>[vc_row et_full_width=\u00bbtrue\u00bb et_row_padding=\u00bbtrue\u00bb full_height=\u00bbyes\u00bb columns_placement=\u00bbstretch\u00bb equal_height=\u00bbyes\u00bb content_placement=\u00bbmiddle\u00bb css=\u00bb.vc_custom_1750380661258{padding-top: 80px !important;padding-bottom: 80px !important;background-image: url(https:\/\/astrolofit.com\/site\/wp-content\/uploads\/2025\/06\/banner1-signos-1.jpg?id=4183) !important;background-position: center !important;background-repeat: no-repeat !important;background-size: cover !important;}\u00bb el_class=\u00bbvideo-bg-row\u00bb][vc_column][vc_row_inner et_max_width=\u00bb\u00bb equal_height=\u00bbyes\u00bb content_placement=\u00bbmiddle\u00bb css=\u00bb.vc_custom_1562734895463{background-position: center !important;background-repeat: no-repeat !important;background-size: cover !important;}\u00bb][vc_column_inner width=\u00bb1\/2&#8243; css=\u00bb.vc_custom_1562725835995{padding-top: 20% !important;padding-right: 20% !important;padding-bottom: 20% !important;padding-left: 20% !important;}\u00bb][vc_column_text css=\u00bb.vc_custom_1750380293125{margin-top: 30px !important;}\u00bb animation=\u00bbanimation bottom-to-top\u00bb] Signos del zod\u00edaco [\/vc_column_text][\/vc_column_inner][\/vc_row_inner][\/vc_column][\/vc_row][vc_section][vc_row [&hellip;]<\/p>\n","protected":false},"author":1,"featured_media":0,"parent":0,"menu_order":0,"comment_status":"closed","ping_status":"closed","template":"","meta":{"footnotes":""},"class_list":["post-4156","page","type-page","status-publish","hentry"],"_links":{"self":[{"href":"https:\/\/astrolofit.com\/site\/wp-json\/wp\/v2\/pages\/4156","targetHints":{"allow":["GET"]}}],"collection":[{"href":"https:\/\/astrolofit.com\/site\/wp-json\/wp\/v2\/pages"}],"about":[{"href":"https:\/\/astrolofit.com\/site\/wp-json\/wp\/v2\/types\/page"}],"author":[{"embeddable":true,"href":"https:\/\/astrolofit.com\/site\/wp-json\/wp\/v2\/users\/1"}],"replies":[{"embeddable":true,"href":"https:\/\/astrolofit.com\/site\/wp-json\/wp\/v2\/comments?post=4156"}],"version-history":[{"count":20,"href":"https:\/\/astrolofit.com\/site\/wp-json\/wp\/v2\/pages\/4156\/revisions"}],"predecessor-version":[{"id":4185,"href":"https:\/\/astrolofit.com\/site\/wp-json\/wp\/v2\/pages\/4156\/revisions\/4185"}],"wp:attachment":[{"href":"https:\/\/astrolofit.com\/site\/wp-json\/wp\/v2\/media?parent=4156"}],"curies":[{"name":"wp","href":"https:\/\/api.w.org\/{rel}","templated":true}]}}