{"id":4179,"date":"2025-06-22T19:23:17","date_gmt":"2025-06-22T19:23:17","guid":{"rendered":"https:\/\/astrolofit.com\/site\/?page_id=4179"},"modified":"2025-10-24T01:23:50","modified_gmt":"2025-10-24T01:23:50","slug":"servicios","status":"publish","type":"page","link":"https:\/\/astrolofit.com\/site\/servicios\/","title":{"rendered":"Servicios"},"content":{"rendered":"<div class=\"wpb-content-wrapper\">[vc_row et_full_width=\u00bbtrue\u00bb et_row_padding=\u00bbtrue\u00bb et_column_align=\u00bbalign-center\u00bb el_id=\u00bbmain-slider-row\u00bb css=\u00bb.vc_custom_1747350404158{margin-bottom: 35px !important;}\u00bb][vc_column]<div id=\"et-banner-slider-69e0eedc9eaf1\" class=\"et-banner-slider slick slick-slider slick-controls-gray slick-dots-inside\" data-navigation=\"true\" data-pagination=\"true\" data-fade=\"true\" data-autoplay=\"true\" data-autoplay-speed=\"4000\" data-infinite=\"true\" data-pause=\"true\" data-columns=\"1\" >\r\n\t\t<div class=\"et-banner-69e0eedc9eb57 et-banner content-full  image-type-css vh-height text-color-dark hover-effect hover-zoom \"  style=\"height: 100vh;\"><div class=\"et-banner-image\" role=\"img\" aria-label=\"banner1-servicioss\" data-image=\"https:\/\/astrolofit.com\/site\/wp-content\/uploads\/2025\/06\/banner1-servicioss-1.jpg\" style=\"background-image: url(https:\/\/astrolofit.com\/site\/wp-content\/uploads\/2025\/06\/banner1-servicioss-1.jpg);\"><\/div>\r\n\t\t\t<div class=\"et-banner-content\">\r\n\t\t\t\t<div class=\"et-banner-content-inner container\">\r\n\t\t\t\t\t<div class=\"et-banner-text h_right v_center align_right\">\r\n\t\t\t\t\t\t<div class=\"et-banner-text-inner animated\" data-animate=\"et-fadeInUp\"><h5 class=\"et-banner-title color-custom xxlarge\">Descubre c\u00f3mo la astrolog\u00eda puede guiarte hacia una vida plena y consciente<\/h5><div class=\"et-banner-paragraph\"><h5><span style=\"color: #cfc7be;\"><span class=\"discussion-level-1 discussion-id-1c10334c-2701-80b5-ae32-001caf839269 notion-enable-hover\" data-token-index=\"0\">Explora nuestros servicios:\u00a0<\/span><strong><span class=\"discussion-level-1 discussion-id-1c10334c-2701-80b5-ae32-001caf839269 notion-enable-hover\" data-token-index=\"1\">Carta Natal, Revoluci\u00f3n Solar, Sinastr\u00eda de Pareja, Tr\u00e1nsitos y Atacires<\/span><span class=\"discussion-level-1 discussion-id-1c10334c-2701-80b5-ae32-001caf839269 notion-enable-hover\" data-token-index=\"2\">.<\/span><\/strong><\/span><\/h5>\n<\/div><\/div>\r\n\t\t\t\t\t<\/div>\r\n\t\t\t\t<\/div>\r\n\t\t\t<\/div>\r\n\t\t<\/div><\/div>[\/vc_column][\/vc_row][vc_row et_column_align=\u00bbalign-center\u00bb content_placement=\u00bbmiddle\u00bb css=\u00bb.vc_custom_1750641850823{padding-top: 80px !important;padding-bottom: 60px !important;}\u00bb][vc_column width=\u00bb1\/2&#8243; animation=\u00bbanimation bottom-to-top\u00bb el_id=\u00bbcartanatal\u00bb][vc_column_text css=\u00bb\u00bb]\n<h3 style=\"text-align: center;\"><span style=\"color: #4c4541;\"><strong>Carta natal<\/strong><!-- notionvc: 3e641759-4c16-4299-9d01-e428f9a1bc0f --><\/span><\/h3>\n<p style=\"text-align: center;\"><span style=\"color: #4c4541;\">La <span class=\"notion-enable-hover\" data-token-index=\"1\">Carta Natal <\/span>es un mapa \u00fanico del cielo en el momento exacto de tu nacimiento. Revela tu personalidad esencial, tus talentos innatos, tus desaf\u00edos y el prop\u00f3sito de tu alma. A trav\u00e9s de un <strong><span class=\"notion-enable-hover\" data-token-index=\"3\">an\u00e1lisis detallado de la posici\u00f3n de los planetas<\/span><\/strong>, los <strong><span class=\"notion-enable-hover\" data-token-index=\"5\">signos zodiacales<\/span><\/strong> y las <strong><span class=\"notion-enable-hover\" data-token-index=\"7\">casas astrol\u00f3gicas<\/span><\/strong>, la Carta Natal te ofrece una visi\u00f3n profunda de ti mismo y de tu camino en la vida. Te ayuda a comprender tus patrones de comportamiento, tus fortalezas y debilidades, y te brinda una <span class=\"notion-enable-hover\" data-token-index=\"9\">gu\u00eda para tomar decisiones<\/span> alineadas con tu verdadero ser.<!-- notionvc: e5bcb22a-914d-43e1-9af9-d2a495431ecc --><\/span><\/p>\n<p style=\"text-align: center;\"><strong><span style=\"color: #4c4541;\">\u00bfA qui\u00e9n le sirve la carta astral?<\/span><\/strong><\/p>\n<ul>\n<li><span style=\"color: #4c4541;\">Personas que buscan autoconocimiento y claridad sobre su prop\u00f3sito de vida.<\/span><\/li>\n<li><span style=\"color: #4c4541;\">Individuos que enfrentan momentos de transici\u00f3n y desean tomar decisiones informadas.<\/span><\/li>\n<li><span style=\"color: #4c4541;\">Aquellos que desean comprender sus patrones de comportamiento y mejorar sus relaciones.<\/span><\/li>\n<\/ul>\n<p style=\"text-align: center;\"><span style=\"color: #4c4541;\"><a style=\"color: #4c4541;\" href=\"http:\/\/wa.me\/+19417309132\"><strong>Descubre tu carta natal<\/strong><\/a><\/span><\/p>\n[\/vc_column_text][\/vc_column][vc_column width=\u00bb1\/2&#8243; animation=\u00bbanimation bottom-to-top\u00bb]\t<div class=\"et-image-446 et-image aligncenter    et_image_link\">\n\t\t<div class=\"et-image-inner animation right-to-left\">\n\t\t\t\t\t\t\t<div class=\"et-image-thumb \">\n\t\t\t\t\t<img loading=\"lazy\" decoding=\"async\" width=\"274\" height=\"300\" src=\"https:\/\/astrolofit.com\/site\/wp-content\/uploads\/2025\/06\/servicios-carta-n-274x300.png\" class=\"attachment-medium\" alt=\"\" title=\"servicios-carta-n\" srcset=\"https:\/\/astrolofit.com\/site\/wp-content\/uploads\/2025\/06\/servicios-carta-n-274x300.png 274w, https:\/\/astrolofit.com\/site\/wp-content\/uploads\/2025\/06\/servicios-carta-n-935x1024.png 935w, https:\/\/astrolofit.com\/site\/wp-content\/uploads\/2025\/06\/servicios-carta-n-768x841.png 768w, https:\/\/astrolofit.com\/site\/wp-content\/uploads\/2025\/06\/servicios-carta-n-1402x1536.png 1402w, https:\/\/astrolofit.com\/site\/wp-content\/uploads\/2025\/06\/servicios-carta-n-1870x2048.png 1870w, https:\/\/astrolofit.com\/site\/wp-content\/uploads\/2025\/06\/servicios-carta-n-137x150.png 137w\" sizes=\"auto, (max-width: 274px) 100vw, 274px\" \/>\t\t\t\t<\/div>\n\t\t\t\t\t\t\t\t\t\t\t<\/div>\n\t<\/div>\n  [\/vc_column][\/vc_row][vc_row et_column_align=\u00bbalign-center\u00bb content_placement=\u00bbmiddle\u00bb css=\u00bb.vc_custom_1750640446068{padding-bottom: 60px !important;}\u00bb][vc_column width=\u00bb1\/2&#8243; animation=\u00bbanimation bottom-to-top\u00bb]\t<div class=\"et-image-844 et-image aligncenter    et_image_link\">\n\t\t<div class=\"et-image-inner animation left-to-right\">\n\t\t\t\t\t\t\t<div class=\"et-image-thumb \">\n\t\t\t\t\t<img loading=\"lazy\" decoding=\"async\" width=\"300\" height=\"232\" src=\"https:\/\/astrolofit.com\/site\/wp-content\/uploads\/2025\/06\/servicios-revolucion-solar-300x232.png\" class=\"attachment-medium\" alt=\"\" title=\"servicios-revolucion-solar\" srcset=\"https:\/\/astrolofit.com\/site\/wp-content\/uploads\/2025\/06\/servicios-revolucion-solar-300x232.png 300w, https:\/\/astrolofit.com\/site\/wp-content\/uploads\/2025\/06\/servicios-revolucion-solar-1024x792.png 1024w, https:\/\/astrolofit.com\/site\/wp-content\/uploads\/2025\/06\/servicios-revolucion-solar-768x594.png 768w, https:\/\/astrolofit.com\/site\/wp-content\/uploads\/2025\/06\/servicios-revolucion-solar-1536x1188.png 1536w, https:\/\/astrolofit.com\/site\/wp-content\/uploads\/2025\/06\/servicios-revolucion-solar-2048x1584.png 2048w, https:\/\/astrolofit.com\/site\/wp-content\/uploads\/2025\/06\/servicios-revolucion-solar-150x116.png 150w\" sizes=\"auto, (max-width: 300px) 100vw, 300px\" \/>\t\t\t\t<\/div>\n\t\t\t\t\t\t\t\t\t\t\t<\/div>\n\t<\/div>\n  [\/vc_column][vc_column width=\u00bb1\/2&#8243; animation=\u00bbanimation bottom-to-top\u00bb el_id=\u00bbrevolucionsolar\u00bb][vc_column_text css=\u00bb\u00bb]\n<h3 style=\"text-align: center;\"><strong>Revoluci\u00f3n Solar<\/strong><\/h3>\n<p style=\"text-align: center;\">La Revoluci\u00f3n Solar es un <strong>an\u00e1lisis astrol\u00f3gico<\/strong> que se realiza cada a\u00f1o, coincidiendo con tu cumplea\u00f1os. Examina las energ\u00edas y tendencias que influir\u00e1n en tu vida durante los pr\u00f3ximos 12 meses. A trav\u00e9s de la <strong>interpretaci\u00f3n de la carta astral<\/strong> del momento de tu cumplea\u00f1os, la Revoluci\u00f3n Solar te ofrece una visi\u00f3n clara de las <strong>oportunidades y desaf\u00edos<\/strong> que se presentar\u00e1n en tu camino. Te ayuda a planificar tu a\u00f1o, a aprovechar al m\u00e1ximo las energ\u00edas favorables y a prepararte para los posibles obst\u00e1culos.<\/p>\n<h4 style=\"text-align: center;\"><strong>\u00bfQui\u00e9n puede hacer la Revoluci\u00f3n Solar?<\/strong><\/h4>\n<ul>\n<li>Personas que desean planificar su a\u00f1o y aprovechar al m\u00e1ximo las oportunidades.<\/li>\n<li>Individuos que buscan anticipar y prepararse para los cambios y desaf\u00edos venideros.<\/li>\n<li>Aquellos que desean optimizar su <strong>crecimiento personal<\/strong> y profesional durante el a\u00f1o.<\/li>\n<\/ul>\n<p style=\"text-align: center;\"><a href=\"http:\/\/wa.me\/+19417309132\"><strong>Planifica tu a\u00f1o con la Revoluci\u00f3n Solar<\/strong><\/a><\/p>\n[\/vc_column_text][\/vc_column][\/vc_row][vc_row et_column_align=\u00bbalign-center\u00bb content_placement=\u00bbmiddle\u00bb css=\u00bb.vc_custom_1750640446068{padding-bottom: 60px !important;}\u00bb][vc_column width=\u00bb1\/2&#8243; animation=\u00bbanimation bottom-to-top\u00bb el_id=\u00bbsinastriadepareja\u00bb][vc_column_text css=\u00bb\u00bb]\n<h3 style=\"text-align: center;\"><strong>Sinastr\u00eda de Pareja<\/strong><\/h3>\n<p style=\"text-align: center;\">La Sinastr\u00eda de Pareja es un <strong>an\u00e1lisis comparativo de las cartas natales<\/strong> de dos personas, ya sea una pareja rom\u00e1ntica, amigos o socios comerciales. Revela la din\u00e1mica de la relaci\u00f3n, los puntos de compatibilidad y los desaf\u00edos potenciales. A trav\u00e9s de la interpretaci\u00f3n de las interacciones entre los planetas y las <strong>casas astrol\u00f3gicas de la pareja<\/strong>, la Sinastr\u00eda de Pareja te ayuda a comprender la naturaleza de la conexi\u00f3n, a mejorar la comunicaci\u00f3n y a fortalecer el v\u00ednculo.<\/p>\n<h4 style=\"text-align: center;\"><strong>\u00bfPara qui\u00e9nes funciona la Sinastria de Pareja?<\/strong><\/h4>\n<ul>\n<li>Parejas rom\u00e1nticas que desean mejorar su relaci\u00f3n y comprender su din\u00e1mica.<\/li>\n<li>Amigos o socios comerciales que desean fortalecer su v\u00ednculo y mejorar la comunicaci\u00f3n.<\/li>\n<li>Personas que desean comprender la din\u00e1mica de sus relaciones y mejorar sus habilidades interpersonales.<\/li>\n<\/ul>\n<p style=\"text-align: center;\"><a href=\"http:\/\/wa.me\/+19417309132\"><strong>Analiza tu relaci\u00f3n con la Sinastr\u00eda de Pareja<\/strong><\/a><\/p>\n[\/vc_column_text][\/vc_column][vc_column width=\u00bb1\/2&#8243; animation=\u00bbanimation bottom-to-top\u00bb]\t<div class=\"et-image-818 et-image aligncenter    et_image_link\">\n\t\t<div class=\"et-image-inner animation right-to-left\">\n\t\t\t\t\t\t\t<div class=\"et-image-thumb \">\n\t\t\t\t\t<img loading=\"lazy\" decoding=\"async\" width=\"300\" height=\"268\" src=\"https:\/\/astrolofit.com\/site\/wp-content\/uploads\/2025\/06\/Sinastria-de-Pareja-1-300x268.png\" class=\"attachment-medium\" alt=\"\" title=\"Sinastri\u0301a-de-Pareja\" srcset=\"https:\/\/astrolofit.com\/site\/wp-content\/uploads\/2025\/06\/Sinastria-de-Pareja-1-300x268.png 300w, https:\/\/astrolofit.com\/site\/wp-content\/uploads\/2025\/06\/Sinastria-de-Pareja-1-1024x915.png 1024w, https:\/\/astrolofit.com\/site\/wp-content\/uploads\/2025\/06\/Sinastria-de-Pareja-1-768x686.png 768w, https:\/\/astrolofit.com\/site\/wp-content\/uploads\/2025\/06\/Sinastria-de-Pareja-1-1536x1372.png 1536w, https:\/\/astrolofit.com\/site\/wp-content\/uploads\/2025\/06\/Sinastria-de-Pareja-1-2048x1830.png 2048w, https:\/\/astrolofit.com\/site\/wp-content\/uploads\/2025\/06\/Sinastria-de-Pareja-1-150x134.png 150w\" sizes=\"auto, (max-width: 300px) 100vw, 300px\" \/>\t\t\t\t<\/div>\n\t\t\t\t\t\t\t\t\t\t\t<\/div>\n\t<\/div>\n  [\/vc_column][\/vc_row][vc_row et_column_align=\u00bbalign-center\u00bb content_placement=\u00bbmiddle\u00bb css=\u00bb.vc_custom_1750640446068{padding-bottom: 60px !important;}\u00bb][vc_column width=\u00bb1\/2&#8243; animation=\u00bbanimation bottom-to-top\u00bb]\t<div class=\"et-image-556 et-image aligncenter    et_image_link\">\n\t\t<div class=\"et-image-inner animation left-to-right\">\n\t\t\t\t\t\t\t<div class=\"et-image-thumb \">\n\t\t\t\t\t<img loading=\"lazy\" decoding=\"async\" width=\"300\" height=\"298\" src=\"https:\/\/astrolofit.com\/site\/wp-content\/uploads\/2025\/06\/transitos-y-atacieres-300x298.png\" class=\"attachment-medium\" alt=\"\" title=\"transitos-y-atacieres\" srcset=\"https:\/\/astrolofit.com\/site\/wp-content\/uploads\/2025\/06\/transitos-y-atacieres-300x298.png 300w, https:\/\/astrolofit.com\/site\/wp-content\/uploads\/2025\/06\/transitos-y-atacieres-1024x1017.png 1024w, https:\/\/astrolofit.com\/site\/wp-content\/uploads\/2025\/06\/transitos-y-atacieres-150x150.png 150w, https:\/\/astrolofit.com\/site\/wp-content\/uploads\/2025\/06\/transitos-y-atacieres-768x763.png 768w, https:\/\/astrolofit.com\/site\/wp-content\/uploads\/2025\/06\/transitos-y-atacieres-1536x1525.png 1536w, https:\/\/astrolofit.com\/site\/wp-content\/uploads\/2025\/06\/transitos-y-atacieres-2048x2034.png 2048w\" sizes=\"auto, (max-width: 300px) 100vw, 300px\" \/>\t\t\t\t<\/div>\n\t\t\t\t\t\t\t\t\t\t\t<\/div>\n\t<\/div>\n  [\/vc_column][vc_column width=\u00bb1\/2&#8243; animation=\u00bbanimation bottom-to-top\u00bb el_id=\u00bbtransitosyatacires\u00bb][vc_column_text css=\u00bb\u00bb]\n<h3 style=\"text-align: center;\"><strong>Tr\u00e1nsitos y Atacires<\/strong><\/h3>\n<p style=\"text-align: center;\">La sesi\u00f3n de <span class=\"notion-enable-hover\" data-token-index=\"1\">Tr\u00e1nsitos y Atacires<\/span> te ofrece una mirada profunda al mapa astrol\u00f3gico de tu vida, combinando el estudio de los <span class=\"notion-enable-hover\" data-token-index=\"3\">movimientos planetarios actuales (tr\u00e1nsitos)<\/span> que influyen en tu carta natal, para que puedas anticipar eventos, aprovechar oportunidades y manejar tensiones, con la t\u00e9cnica de los <span class=\"notion-enable-hover\" data-token-index=\"5\">atacires<\/span>, que revelan los ciclos de tiempo espec\u00edficos de tu carta, permiti\u00e9ndote comprender el anhelo de tu alma, la direcci\u00f3n de tu vida y los momentos clave para tomar decisiones o emprender acciones importantes.<!-- notionvc: e9155213-ed78-4db4-a843-f46c4424a9d3 --><\/p>\n<h4 style=\"text-align: center;\"><strong>\u00bfPara qui\u00e9n es ideal esta sesi\u00f3n?<\/strong><\/h4>\n<p>Esta sesi\u00f3n combinada es perfecta para ti si:<\/p>\n<ul>\n<li>Deseas <strong>anticipar y prepararte<\/strong> para los cambios y eventos importantes en tu vida.<\/li>\n<li>Buscas <strong>orientaci\u00f3n y claridad<\/strong> en momentos de transici\u00f3n o decisiones cruciales.<\/li>\n<li>Quieres entender los <strong>ciclos de tiempo<\/strong> que rigen tu existencia.<\/li>\n<li>Anhelas <strong>aprovechar al m\u00e1ximo las oportunidades<\/strong> de crecimiento personal y saber cu\u00e1ndo es el mejor momento para avanzar.<\/li>\n<li>Prefieres <strong>comprender y alinear tus acciones<\/strong> con el pulso c\u00f3smico de tu vida.<\/li>\n<\/ul>\n<p><!-- notionvc: 5b04f10a-ed64-4bb8-a87c-c29c2a986fc7 --><\/p>\n<p style=\"text-align: center;\"><a href=\"http:\/\/wa.me\/+19417309132\"><strong>Anticipa y act\u00faa con consciencia<\/strong><\/a><\/p>\n[\/vc_column_text][\/vc_column][\/vc_row][vc_row][vc_column width=\u00bb1\/2&#8243; el_id=\u00bbnutricionintegrativa\u00bb][vc_column_text css=\u00bb\u00bb]\n<h3 style=\"text-align: center;\">Nutrici\u00f3n Integrativa<\/h3>\n<p style=\"text-align: center;\">La <strong>Nutrici\u00f3n Integral<\/strong> es mucho m\u00e1s que lo que comes; es un enfoque <strong>hol\u00edstico<\/strong> para tu bienestar, que considera la profunda conexi\u00f3n entre tu <strong>alimentaci\u00f3n<\/strong>, tu <strong>mente<\/strong>, tu <strong>cuerpo<\/strong>, tus <strong>emociones<\/strong> y tu <strong>esp\u00edritu<\/strong>. A trav\u00e9s de este programa, te guiar\u00e9 para que aprendas e implementes cambios conscientes que te lleven a adoptar un <strong>estilo de vida verdaderamente saludable y sostenible<\/strong>, abordando tu bienestar desde todas sus dimensiones.<\/p>\n<p style=\"text-align: center;\"><strong>\u00bfC\u00f3mo saber si la Nutrici\u00f3n Integral es para ti?<\/strong><\/p>\n<p>Este enfoque es perfecto si:<\/p>\n<ul>\n<li>Buscas un <strong>bienestar que vaya m\u00e1s all\u00e1 de la dieta<\/strong>, abarcando tu salud mental, emocional y espiritual.<\/li>\n<li>Deseas <strong>aprender a nutrirte de forma consciente<\/strong>, entendiendo c\u00f3mo la alimentaci\u00f3n impacta cada parte de tu ser.<\/li>\n<li>Quieres <strong>lograr cambios duraderos<\/strong> para tener un estilo de vida m\u00e1s saludable, no solo soluciones temporales.<\/li>\n<li>Est\u00e1s listo\/a para <strong>explorar la conexi\u00f3n entre tus emociones y tu alimentaci\u00f3n<\/strong>.<\/li>\n<li>Anhelas sentirte con <strong>m\u00e1s energ\u00eda, claridad mental y equilibrio general<\/strong>.<\/li>\n<\/ul>\n<p><!-- notionvc: 5b04f10a-ed64-4bb8-a87c-c29c2a986fc7 --><\/p>\n<p style=\"text-align: center;\"><a href=\"http:\/\/wa.me\/+19417309132\"><strong>Nutre tu ser completo<\/strong><\/a><\/p>\n[\/vc_column_text][\/vc_column][vc_column width=\u00bb1\/2&#8243;]\t<div class=\"et-image-826 et-image aligncenter    et_image_link\">\n\t\t<div class=\"et-image-inner animation right-to-left\">\n\t\t\t\t\t\t\t<div class=\"et-image-thumb \">\n\t\t\t\t\t<img loading=\"lazy\" decoding=\"async\" width=\"213\" height=\"300\" src=\"https:\/\/astrolofit.com\/site\/wp-content\/uploads\/2025\/10\/servicio-nutricionholistica-213x300.png\" class=\"attachment-medium\" alt=\"\" title=\"servicio-nutricionholistica\" srcset=\"https:\/\/astrolofit.com\/site\/wp-content\/uploads\/2025\/10\/servicio-nutricionholistica-213x300.png 213w, https:\/\/astrolofit.com\/site\/wp-content\/uploads\/2025\/10\/servicio-nutricionholistica-107x150.png 107w, https:\/\/astrolofit.com\/site\/wp-content\/uploads\/2025\/10\/servicio-nutricionholistica.png 522w\" sizes=\"auto, (max-width: 213px) 100vw, 213px\" \/>\t\t\t\t<\/div>\n\t\t\t\t\t\t\t\t\t\t\t<\/div>\n\t<\/div>\n  [\/vc_column][\/vc_row][vc_row][vc_column width=\u00bb1\/2&#8243;]\t<div class=\"et-image-381 et-image aligncenter    et_image_link\">\n\t\t<div class=\"et-image-inner animation left-to-right\">\n\t\t\t\t\t\t\t<div class=\"et-image-thumb \">\n\t\t\t\t\t<img loading=\"lazy\" decoding=\"async\" width=\"204\" height=\"300\" src=\"https:\/\/astrolofit.com\/site\/wp-content\/uploads\/2025\/10\/servicio-breathwork-204x300.png\" class=\"attachment-medium\" alt=\"\" title=\"servicio-breathwork\" srcset=\"https:\/\/astrolofit.com\/site\/wp-content\/uploads\/2025\/10\/servicio-breathwork-204x300.png 204w, https:\/\/astrolofit.com\/site\/wp-content\/uploads\/2025\/10\/servicio-breathwork-102x150.png 102w, https:\/\/astrolofit.com\/site\/wp-content\/uploads\/2025\/10\/servicio-breathwork.png 494w\" sizes=\"auto, (max-width: 204px) 100vw, 204px\" \/>\t\t\t\t<\/div>\n\t\t\t\t\t\t\t\t\t\t\t<\/div>\n\t<\/div>\n  [\/vc_column][vc_column width=\u00bb1\/2&#8243; el_id=\u00bbbreathwork\u00bb][vc_column_text css=\u00bb\u00bb]\n<h3 style=\"text-align: center;\">Terapia Breathwork<\/h3>\n<p style=\"text-align: center;\">La <strong>Terapia Breathwork<\/strong> es una <strong>sesi\u00f3n personalizada<\/strong> donde, a trav\u00e9s de t\u00e9cnicas espec\u00edficas de respiraci\u00f3n, accedes a <strong>nuevos estados de conciencia<\/strong>. Desde este espacio de profunda conexi\u00f3n, podr\u00e1s <strong>procesar la tensi\u00f3n mental, f\u00edsica y emocional<\/strong>, logrando <strong>sanar emociones contenidas<\/strong> y <strong>liberar tu cuerpo de cargas<\/strong> que se manifiestan como dolores f\u00edsicos, emocionales o espirituales. Es una potente herramienta para la autosanaci\u00f3n y la liberaci\u00f3n.<\/p>\n<p style=\"text-align: center;\"><strong>\u00bfC\u00f3mo saber si la Terapia Breathwork es para ti?<\/strong><\/p>\n<p>Esta sesi\u00f3n te funcionar\u00e1 si:<\/p>\n<ul>\n<li>Buscas una forma profunda de <strong>liberar el estr\u00e9s y la tensi\u00f3n<\/strong> acumulada en tu cuerpo y mente.<\/li>\n<li>Deseas <strong>sanar emociones contenidas<\/strong> o traumas que te impiden avanzar.<\/li>\n<li>Experimentas <strong>dolores f\u00edsicos, emocionales o espirituales<\/strong> que sospechas est\u00e1n somatizados.<\/li>\n<li>Quieres <strong>acceder a nuevos estados de conciencia<\/strong> para un mayor autoconocimiento.<\/li>\n<li>Est\u00e1s listo\/a para una <strong>transformaci\u00f3n personal<\/strong> que te lleve a una mayor paz y ligereza.<\/li>\n<\/ul>\n<p style=\"text-align: center;\"><a href=\"http:\/\/wa.me\/+19417309132\"><strong>Libera tu ser ahora<\/strong><\/a><\/p>\n<p><!-- notionvc: 6ec648ec-a25d-44e0-9986-c9870eef7047 -->[\/vc_column_text][\/vc_column][\/vc_row]\n<\/div>","protected":false},"excerpt":{"rendered":"<p>[vc_row et_full_width=\u00bbtrue\u00bb et_row_padding=\u00bbtrue\u00bb et_column_align=\u00bbalign-center\u00bb el_id=\u00bbmain-slider-row\u00bb css=\u00bb.vc_custom_1747350404158{margin-bottom: 35px !important;}\u00bb][vc_column][\/vc_column][\/vc_row][vc_row et_column_align=\u00bbalign-center\u00bb content_placement=\u00bbmiddle\u00bb css=\u00bb.vc_custom_1750641850823{padding-top: 80px !important;padding-bottom: 60px !important;}\u00bb][vc_column width=\u00bb1\/2&#8243; animation=\u00bbanimation bottom-to-top\u00bb el_id=\u00bbcartanatal\u00bb][vc_column_text css=\u00bb\u00bb] Carta natal La Carta Natal es un mapa \u00fanico del cielo en el momento exacto de tu nacimiento. Revela tu personalidad esencial, tus talentos innatos, tus desaf\u00edos y el prop\u00f3sito [&hellip;]<\/p>\n","protected":false},"author":1,"featured_media":0,"parent":0,"menu_order":0,"comment_status":"closed","ping_status":"closed","template":"","meta":{"footnotes":""},"class_list":["post-4179","page","type-page","status-publish","hentry"],"_links":{"self":[{"href":"https:\/\/astrolofit.com\/site\/wp-json\/wp\/v2\/pages\/4179","targetHints":{"allow":["GET"]}}],"collection":[{"href":"https:\/\/astrolofit.com\/site\/wp-json\/wp\/v2\/pages"}],"about":[{"href":"https:\/\/astrolofit.com\/site\/wp-json\/wp\/v2\/types\/page"}],"author":[{"embeddable":true,"href":"https:\/\/astrolofit.com\/site\/wp-json\/wp\/v2\/users\/1"}],"replies":[{"embeddable":true,"href":"https:\/\/astrolofit.com\/site\/wp-json\/wp\/v2\/comments?post=4179"}],"version-history":[{"count":25,"href":"https:\/\/astrolofit.com\/site\/wp-json\/wp\/v2\/pages\/4179\/revisions"}],"predecessor-version":[{"id":4267,"href":"https:\/\/astrolofit.com\/site\/wp-json\/wp\/v2\/pages\/4179\/revisions\/4267"}],"wp:attachment":[{"href":"https:\/\/astrolofit.com\/site\/wp-json\/wp\/v2\/media?parent=4179"}],"curies":[{"name":"wp","href":"https:\/\/api.w.org\/{rel}","templated":true}]}}